{"id":9136,"date":"2024-10-01T12:08:04","date_gmt":"2024-10-01T10:08:04","guid":{"rendered":"https:\/\/smallhumandesign.com\/materialy-i-surowce\/"},"modified":"2024-12-31T09:13:15","modified_gmt":"2024-12-31T08:13:15","slug":"materialy-i-surowce","status":"publish","type":"page","link":"https:\/\/smallhumandesign.com\/en\/materialy-i-surowce\/","title":{"rendered":"Materials that we use:"},"content":{"rendered":"\n<p>We want the high quality of our products to go hand in hand with safety, aesthetics and responsibility towards the environment. That&#8217;s why we rely on natural materials that are friendly to the planet and meet sustainable manufacturing standards. Minimalism, functionality and durability are the pillars of our approach to design. Environmental and ecological issues are at the core of our business. <\/p>\n\n\n\n<p><img decoding=\"async\" width=\"900\" height=\"600\" class=\"wp-image-8646 lazyload\" style=\"--smush-placeholder-width: 900px; --smush-placeholder-aspect-ratio: 900\/600;width: 900px;\" data-src=\"https:\/\/smallhumandesign.com\/wp-content\/uploads\/2024\/11\/Small-Human-Mam-te-moc1460-1-scaled.jpg\" alt=\"Drewniana platforma, naturalne materia\u0142y, drewno sosnowe i sklejka\" data-srcset=\"https:\/\/smallhumandesign.com\/wp-content\/uploads\/2024\/11\/Small-Human-Mam-te-moc1460-1-scaled.jpg 2560w, https:\/\/smallhumandesign.com\/wp-content\/uploads\/2024\/11\/Small-Human-Mam-te-moc1460-1-720x480.jpg 720w, https:\/\/smallhumandesign.com\/wp-content\/uploads\/2024\/11\/Small-Human-Mam-te-moc1460-1-1080x720.jpg 1080w, https:\/\/smallhumandesign.com\/wp-content\/uploads\/2024\/11\/Small-Human-Mam-te-moc1460-1-540x360.jpg 540w, https:\/\/smallhumandesign.com\/wp-content\/uploads\/2024\/11\/Small-Human-Mam-te-moc1460-1-768x512.jpg 768w, https:\/\/smallhumandesign.com\/wp-content\/uploads\/2024\/11\/Small-Human-Mam-te-moc1460-1-1536x1024.jpg 1536w, https:\/\/smallhumandesign.com\/wp-content\/uploads\/2024\/11\/Small-Human-Mam-te-moc1460-1-2048x1365.jpg 2048w\" data-sizes=\"(max-width: 900px) 100vw, 900px\" src=\"data:image\/svg+xml;base64,PHN2ZyB3aWR0aD0iMSIgaGVpZ2h0PSIxIiB4bWxucz0iaHR0cDovL3d3dy53My5vcmcvMjAwMC9zdmciPjwvc3ZnPg==\" \/><\/p>\n\n\n\n<h2 class=\"wp-block-heading\"><strong>Why choose natural materials?<\/strong><\/h2>\n\n\n\n<p>The high quality of the products we offer is due to the manufacturer&#8217;s use of the best construction materials, such as WISA\u00ae-BIRCH plywood. This is a raw material that meets rigorous standards and has numerous certificates confirming its quality. Here are some of them:<\/p>\n\n\n\n<p><strong>CARB&nbsp;<\/strong>\u2013 Program to certify wood plastics for formaldehyde emissions compliance with California Air Resources Board requirements.<\/p>\n\n\n\n<p><strong>DoP&nbsp;<\/strong>\u2013 i.e., the Declaration of Performance, which is the evaluation and confirmation of the given performance characteristics and essential characteristics of the construction product.<\/p>\n\n\n\n<p><strong>EPD<\/strong> \u2013 an environmental declaration, which details the environmental impact of building products and defines the environmental profile of materials in pursuit of the goal of sustainable construction.<\/p>\n\n\n\n<p><strong>FSC<\/strong> \u2013 a certificate confirming the manufacturer&#8217;s declaration that it is not directly or indirectly involved in activities harmful to forest resources, and in particular that their production was environmentally friendly and that the raw material comes from a legal producer.<\/p>\n\n\n\n<p><strong>WISA 0,5<\/strong> \u2013 a certificate that confirms the adhesive&#8217;s emissivity class at a level lower than that required according to E1 (based on a declaration that it does not contain any ureaformaldehyde compounds). <\/p>\n\n\n\n<p><img decoding=\"async\" width=\"900\" height=\"600\" class=\"wp-image-8642 lazyload\" style=\"--smush-placeholder-width: 900px; --smush-placeholder-aspect-ratio: 900\/600;width: 900px;\" data-src=\"https:\/\/smallhumandesign.com\/wp-content\/uploads\/2024\/11\/Small-Human-Mam-te-moc1437-1-scaled.jpg\" alt=\"dziewczynka w ma\u0142pin gaju, otaczaj\u0105 j\u0105 naturalne materia\u0142y\" data-srcset=\"https:\/\/smallhumandesign.com\/wp-content\/uploads\/2024\/11\/Small-Human-Mam-te-moc1437-1-scaled.jpg 2560w, https:\/\/smallhumandesign.com\/wp-content\/uploads\/2024\/11\/Small-Human-Mam-te-moc1437-1-720x480.jpg 720w, https:\/\/smallhumandesign.com\/wp-content\/uploads\/2024\/11\/Small-Human-Mam-te-moc1437-1-1080x720.jpg 1080w, https:\/\/smallhumandesign.com\/wp-content\/uploads\/2024\/11\/Small-Human-Mam-te-moc1437-1-540x360.jpg 540w, https:\/\/smallhumandesign.com\/wp-content\/uploads\/2024\/11\/Small-Human-Mam-te-moc1437-1-768x512.jpg 768w, https:\/\/smallhumandesign.com\/wp-content\/uploads\/2024\/11\/Small-Human-Mam-te-moc1437-1-1536x1024.jpg 1536w, https:\/\/smallhumandesign.com\/wp-content\/uploads\/2024\/11\/Small-Human-Mam-te-moc1437-1-2048x1365.jpg 2048w\" data-sizes=\"(max-width: 900px) 100vw, 900px\" src=\"data:image\/svg+xml;base64,PHN2ZyB3aWR0aD0iMSIgaGVpZ2h0PSIxIiB4bWxucz0iaHR0cDovL3d3dy53My5vcmcvMjAwMC9zdmciPjwvc3ZnPg==\" \/> <br><br>If you\u2019re interested in natural materials for creating spaces for children, you\u2019ve come to the right place. Take a look at our post where we advise on how to begin <a href=\"https:\/\/smallhumandesign.com\/en\/2024\/12\/09\/how-to-equip-an-indoor-playground-where-to-start\/\">furnishing a playroom<\/a>. You\u2019ll find practical tips for designing eco-friendly and sustainable playrooms. By choosing natural materials, we combine care for the environment with the highest quality and functionality. Thanks to certifications such as CARB, FSC, and EPD, we ensure that our products are safe for children, durable, and environmentally friendly. All of this allows us to provide solutions that meet the needs of our customers, contribute to protecting our planet, and ensure the safety of children. Read more about how we prioritize the safety of the youngest ones <a href=\"https:\/\/smallhumandesign.com\/en\/normy-europejskie-i-certyfikaty\/\">here<\/a>.<\/p>\n","protected":false},"excerpt":{"rendered":"<p>We want the high quality of our products to go hand in hand with safety, aesthetics and responsibility towards the environment. That&#8217;s why we rely on natural materials that are friendly to the planet and meet sustainable manufacturing standards. Minimalism, functionality and durability are the pillars of our approach to design. Environmental and ecological issues [&hellip;]<\/p>\n","protected":false},"author":1,"featured_media":0,"parent":0,"menu_order":0,"comment_status":"closed","ping_status":"closed","template":"page-text.php","meta":{"_acf_changed":false,"footnotes":""},"class_list":["post-9136","page","type-page","status-publish","hentry"],"acf":[],"yoast_head":"<!-- This site is optimized with the Yoast SEO plugin v27.3 - https:\/\/yoast.com\/product\/yoast-seo-wordpress\/ -->\n<title>Materials that we use: - SMALL HUMAN DESIGN<\/title>\n<meta name=\"description\" content=\"Eco-friendly and natural materials for building wooden playgrounds and children&#039;s zones. Find out how to create a safe play environment.\" \/>\n<meta name=\"robots\" content=\"index, follow, max-snippet:-1, max-image-preview:large, max-video-preview:-1\" \/>\n<link rel=\"canonical\" href=\"https:\/\/smallhumandesign.com\/en\/materialy-i-surowce\/\" \/>\n<meta property=\"og:locale\" content=\"en_US\" \/>\n<meta property=\"og:type\" content=\"article\" \/>\n<meta property=\"og:title\" content=\"Materials that we use: - SMALL HUMAN DESIGN\" \/>\n<meta property=\"og:description\" content=\"Eco-friendly and natural materials for building wooden playgrounds and children&#039;s zones. Find out how to create a safe play environment.\" \/>\n<meta property=\"og:url\" content=\"https:\/\/smallhumandesign.com\/en\/materialy-i-surowce\/\" \/>\n<meta property=\"og:site_name\" content=\"SMALL HUMAN DESIGN\" \/>\n<meta property=\"article:modified_time\" content=\"2024-12-31T08:13:15+00:00\" \/>\n<meta property=\"og:image\" content=\"https:\/\/smallhumandesign.com\/wp-content\/uploads\/2024\/11\/Small-Human-Mam-te-moc1460-1-scaled.jpg\" \/>\n\t<meta property=\"og:image:width\" content=\"2560\" \/>\n\t<meta property=\"og:image:height\" content=\"1707\" \/>\n\t<meta property=\"og:image:type\" content=\"image\/jpeg\" \/>\n<meta name=\"twitter:card\" content=\"summary_large_image\" \/>\n<meta name=\"twitter:label1\" content=\"Est. reading time\" \/>\n\t<meta name=\"twitter:data1\" content=\"3 minutes\" \/>\n<script type=\"application\/ld+json\" class=\"yoast-schema-graph\">{\"@context\":\"https:\\\/\\\/schema.org\",\"@graph\":[{\"@type\":\"WebPage\",\"@id\":\"https:\\\/\\\/smallhumandesign.com\\\/en\\\/materialy-i-surowce\\\/\",\"url\":\"https:\\\/\\\/smallhumandesign.com\\\/en\\\/materialy-i-surowce\\\/\",\"name\":\"Materials that we use: - SMALL HUMAN DESIGN\",\"isPartOf\":{\"@id\":\"https:\\\/\\\/smallhumandesign.com\\\/en\\\/#website\"},\"primaryImageOfPage\":{\"@id\":\"https:\\\/\\\/smallhumandesign.com\\\/en\\\/materialy-i-surowce\\\/#primaryimage\"},\"image\":{\"@id\":\"https:\\\/\\\/smallhumandesign.com\\\/en\\\/materialy-i-surowce\\\/#primaryimage\"},\"thumbnailUrl\":\"https:\\\/\\\/smallhumandesign.com\\\/wp-content\\\/uploads\\\/2024\\\/11\\\/Small-Human-Mam-te-moc1460-1-scaled.jpg\",\"datePublished\":\"2024-10-01T10:08:04+00:00\",\"dateModified\":\"2024-12-31T08:13:15+00:00\",\"description\":\"Eco-friendly and natural materials for building wooden playgrounds and children's zones. Find out how to create a safe play environment.\",\"inLanguage\":\"en-US\",\"potentialAction\":[{\"@type\":\"ReadAction\",\"target\":[\"https:\\\/\\\/smallhumandesign.com\\\/en\\\/materialy-i-surowce\\\/\"]}]},{\"@type\":\"ImageObject\",\"inLanguage\":\"en-US\",\"@id\":\"https:\\\/\\\/smallhumandesign.com\\\/en\\\/materialy-i-surowce\\\/#primaryimage\",\"url\":\"https:\\\/\\\/smallhumandesign.com\\\/wp-content\\\/uploads\\\/2024\\\/11\\\/Small-Human-Mam-te-moc1460-1-scaled.jpg\",\"contentUrl\":\"https:\\\/\\\/smallhumandesign.com\\\/wp-content\\\/uploads\\\/2024\\\/11\\\/Small-Human-Mam-te-moc1460-1-scaled.jpg\"},{\"@type\":\"WebSite\",\"@id\":\"https:\\\/\\\/smallhumandesign.com\\\/en\\\/#website\",\"url\":\"https:\\\/\\\/smallhumandesign.com\\\/en\\\/\",\"name\":\"SMALL HUMAN DESIGN\",\"description\":\"Ma\u0142pie gaje, domowe place zabaw, meble w stylu Montessori.\",\"potentialAction\":[{\"@type\":\"SearchAction\",\"target\":{\"@type\":\"EntryPoint\",\"urlTemplate\":\"https:\\\/\\\/smallhumandesign.com\\\/en\\\/?s={search_term_string}\"},\"query-input\":{\"@type\":\"PropertyValueSpecification\",\"valueRequired\":true,\"valueName\":\"search_term_string\"}}],\"inLanguage\":\"en-US\"}]}<\/script>\n<!-- \/ Yoast SEO plugin. -->","yoast_head_json":{"title":"Materials that we use: - SMALL HUMAN DESIGN","description":"Eco-friendly and natural materials for building wooden playgrounds and children's zones. Find out how to create a safe play environment.","robots":{"index":"index","follow":"follow","max-snippet":"max-snippet:-1","max-image-preview":"max-image-preview:large","max-video-preview":"max-video-preview:-1"},"canonical":"https:\/\/smallhumandesign.com\/en\/materialy-i-surowce\/","og_locale":"en_US","og_type":"article","og_title":"Materials that we use: - SMALL HUMAN DESIGN","og_description":"Eco-friendly and natural materials for building wooden playgrounds and children's zones. Find out how to create a safe play environment.","og_url":"https:\/\/smallhumandesign.com\/en\/materialy-i-surowce\/","og_site_name":"SMALL HUMAN DESIGN","article_modified_time":"2024-12-31T08:13:15+00:00","og_image":[{"width":2560,"height":1707,"url":"https:\/\/smallhumandesign.com\/wp-content\/uploads\/2024\/11\/Small-Human-Mam-te-moc1460-1-scaled.jpg","type":"image\/jpeg"}],"twitter_card":"summary_large_image","twitter_misc":{"Est. reading time":"3 minutes"},"schema":{"@context":"https:\/\/schema.org","@graph":[{"@type":"WebPage","@id":"https:\/\/smallhumandesign.com\/en\/materialy-i-surowce\/","url":"https:\/\/smallhumandesign.com\/en\/materialy-i-surowce\/","name":"Materials that we use: - SMALL HUMAN DESIGN","isPartOf":{"@id":"https:\/\/smallhumandesign.com\/en\/#website"},"primaryImageOfPage":{"@id":"https:\/\/smallhumandesign.com\/en\/materialy-i-surowce\/#primaryimage"},"image":{"@id":"https:\/\/smallhumandesign.com\/en\/materialy-i-surowce\/#primaryimage"},"thumbnailUrl":"https:\/\/smallhumandesign.com\/wp-content\/uploads\/2024\/11\/Small-Human-Mam-te-moc1460-1-scaled.jpg","datePublished":"2024-10-01T10:08:04+00:00","dateModified":"2024-12-31T08:13:15+00:00","description":"Eco-friendly and natural materials for building wooden playgrounds and children's zones. Find out how to create a safe play environment.","inLanguage":"en-US","potentialAction":[{"@type":"ReadAction","target":["https:\/\/smallhumandesign.com\/en\/materialy-i-surowce\/"]}]},{"@type":"ImageObject","inLanguage":"en-US","@id":"https:\/\/smallhumandesign.com\/en\/materialy-i-surowce\/#primaryimage","url":"https:\/\/smallhumandesign.com\/wp-content\/uploads\/2024\/11\/Small-Human-Mam-te-moc1460-1-scaled.jpg","contentUrl":"https:\/\/smallhumandesign.com\/wp-content\/uploads\/2024\/11\/Small-Human-Mam-te-moc1460-1-scaled.jpg"},{"@type":"WebSite","@id":"https:\/\/smallhumandesign.com\/en\/#website","url":"https:\/\/smallhumandesign.com\/en\/","name":"SMALL HUMAN DESIGN","description":"Ma\u0142pie gaje, domowe place zabaw, meble w stylu Montessori.","potentialAction":[{"@type":"SearchAction","target":{"@type":"EntryPoint","urlTemplate":"https:\/\/smallhumandesign.com\/en\/?s={search_term_string}"},"query-input":{"@type":"PropertyValueSpecification","valueRequired":true,"valueName":"search_term_string"}}],"inLanguage":"en-US"}]}},"_links":{"self":[{"href":"https:\/\/smallhumandesign.com\/en\/wp-json\/wp\/v2\/pages\/9136","targetHints":{"allow":["GET"]}}],"collection":[{"href":"https:\/\/smallhumandesign.com\/en\/wp-json\/wp\/v2\/pages"}],"about":[{"href":"https:\/\/smallhumandesign.com\/en\/wp-json\/wp\/v2\/types\/page"}],"author":[{"embeddable":true,"href":"https:\/\/smallhumandesign.com\/en\/wp-json\/wp\/v2\/users\/1"}],"replies":[{"embeddable":true,"href":"https:\/\/smallhumandesign.com\/en\/wp-json\/wp\/v2\/comments?post=9136"}],"version-history":[{"count":4,"href":"https:\/\/smallhumandesign.com\/en\/wp-json\/wp\/v2\/pages\/9136\/revisions"}],"predecessor-version":[{"id":9296,"href":"https:\/\/smallhumandesign.com\/en\/wp-json\/wp\/v2\/pages\/9136\/revisions\/9296"}],"wp:attachment":[{"href":"https:\/\/smallhumandesign.com\/en\/wp-json\/wp\/v2\/media?parent=9136"}],"curies":[{"name":"wp","href":"https:\/\/api.w.org\/{rel}","templated":true}]}}