{"id":9142,"date":"2024-09-23T11:46:33","date_gmt":"2024-09-23T09:46:33","guid":{"rendered":"https:\/\/smallhumandesign.com\/faq\/"},"modified":"2024-12-19T15:35:58","modified_gmt":"2024-12-19T14:35:58","slug":"faq","status":"publish","type":"page","link":"https:\/\/smallhumandesign.com\/en\/faq\/","title":{"rendered":"FAQ"},"content":{"rendered":"\n<section id=\"heading-with-text-block_e1983a466c72112dfa6e94dca4278f08\" class=\"heading-with-text\">\n\n  <div class=\"heading-with-text__inner container\">\n\n        <h1 class=\"heading-with-text__heading t-h2 t-h3-mob\">\n      All your questions about the monkey grove in one place    <\/h1>\n    \n    \n  <\/div>\n\n<\/section>\n\n\n<section id=\"faq-block_3ed9fd4175d92722394b03b37e1eb31c\" class=\"faq\">\n\n  <div class=\"faq__inner faq__inner--normal container\">\n\n    <div class=\"faq__content\">\n\n      <h3 class=\"faq__title t-h3\">Collaboration<\/h3>\n\n            <acc-ordion class=\"acc faq__accordions\">\n\n        \n        <div class=\"acc faq__accordion\">\n\n          <button\n            class=\"acc__button faq__acc-button\"\n            aria-controls=\"content-1\"\n            aria-expanded=\"false\"\n            data-button\n            id=\"accordion-control-1\">\n            <h4 class=\"faq__question\">What are the first steps in initiating a collaboration?<\/h4>\n            <svg class=\"acc__icon\" width=\"26\" height=\"14\" viewBox=\"0 0 26 14\" fill=\"none\" xmlns=\"http:\/\/www.w3.org\/2000\/svg\">\n              <path d=\"M24.8908 0.73584L13.1097 12.5174L1.32812 0.73584\" stroke=\"#242424\" stroke-width=\"2\"\/>\n            <\/svg>\n          <\/button>\n\n          <div class=\"acc__item-content\" data-content id=\"content-1\">\n            <div class=\"faq__answer\" data-inner>\n              <p>First, we&#8217;ll ask you to fill out a form and send us a layout of your space. This will help us understand your needs. Based on this information, we&#8217;ll prepare a preliminary proposal outlining the scope of our collaboration. Next, we&#8217;ll schedule a meeting to finalize the size of the monkey grove, the project timeline, and any additional features. The final step is simply signing the contract, and we can begin our collaboration!<\/p>\n            <\/div>\n          <\/div>\n\n        <\/div>\n\n        \n        <div class=\"acc faq__accordion\">\n\n          <button\n            class=\"acc__button faq__acc-button\"\n            aria-controls=\"content-2\"\n            aria-expanded=\"false\"\n            data-button\n            id=\"accordion-control-2\">\n            <h4 class=\"faq__question\">Is it possible to spread the payments over time through leasing?<\/h4>\n            <svg class=\"acc__icon\" width=\"26\" height=\"14\" viewBox=\"0 0 26 14\" fill=\"none\" xmlns=\"http:\/\/www.w3.org\/2000\/svg\">\n              <path d=\"M24.8908 0.73584L13.1097 12.5174L1.32812 0.73584\" stroke=\"#242424\" stroke-width=\"2\"\/>\n            <\/svg>\n          <\/button>\n\n          <div class=\"acc__item-content\" data-content id=\"content-2\">\n            <div class=\"faq__answer\" data-inner>\n              <p>We understand your needs and strive to meet them. That&#8217;s why we&#8217;ve partnered with a leasing company for many years to offer installment payments through leasing for our products.<\/p>\n            <\/div>\n          <\/div>\n\n        <\/div>\n\n        \n        <div class=\"acc faq__accordion\">\n\n          <button\n            class=\"acc__button faq__acc-button\"\n            aria-controls=\"content-3\"\n            aria-expanded=\"false\"\n            data-button\n            id=\"accordion-control-3\">\n            <h4 class=\"faq__question\">What creates the cost of a monkey grove?<\/h4>\n            <svg class=\"acc__icon\" width=\"26\" height=\"14\" viewBox=\"0 0 26 14\" fill=\"none\" xmlns=\"http:\/\/www.w3.org\/2000\/svg\">\n              <path d=\"M24.8908 0.73584L13.1097 12.5174L1.32812 0.73584\" stroke=\"#242424\" stroke-width=\"2\"\/>\n            <\/svg>\n          <\/button>\n\n          <div class=\"acc__item-content\" data-content id=\"content-3\">\n            <div class=\"faq__answer\" data-inner>\n              <p>The price of a monkey grove depends on its size, number of levels, density, the types of play equipment used, and the amount of external decorations. The final cost of the structure is also influenced by the cost of transportation to the installation site and the cost of certification services.<\/p>\n            <\/div>\n          <\/div>\n\n        <\/div>\n\n        \n        <div class=\"acc faq__accordion\">\n\n          <button\n            class=\"acc__button faq__acc-button\"\n            aria-controls=\"content-4\"\n            aria-expanded=\"false\"\n            data-button\n            id=\"accordion-control-4\">\n            <h4 class=\"faq__question\">Is monkey grove safe? Do they have a safety certificate?<\/h4>\n            <svg class=\"acc__icon\" width=\"26\" height=\"14\" viewBox=\"0 0 26 14\" fill=\"none\" xmlns=\"http:\/\/www.w3.org\/2000\/svg\">\n              <path d=\"M24.8908 0.73584L13.1097 12.5174L1.32812 0.73584\" stroke=\"#242424\" stroke-width=\"2\"\/>\n            <\/svg>\n          <\/button>\n\n          <div class=\"acc__item-content\" data-content id=\"content-4\">\n            <div class=\"faq__answer\" data-inner>\n              <p>We understand that even the best fun must be safe. That&#8217;s why, from the very beginning of the monkey grove design process, we adhere to the strict PN-EN 1176 standards to ensure the highest level of safety. The certificate of conformity itself is issued based on an inspection of the specific monkey grove by an accredited entity. Don&#8217;t worry if the process seems complicated &#8211; we&#8217;ll take care of it for you! We&#8217;ll assist you every step of the way and handle all the formalities until you receive the certificate. The cost of certification is determined individually each time, depending on the size and complexity of the monkey enclosure and the inspector&#8217;s travel costs.<\/p>\n            <\/div>\n          <\/div>\n\n        <\/div>\n\n        \n      <\/acc-ordion>\n      \n    <\/div>\n\n    <div class=\"faq__animation\">\n            <video\n        class=\"faq__video\"\n        autoplay\n        loop\n        muted\n        playsinline\n        src=\"https:\/\/smallhumandesign.com\/wp-content\/uploads\/2024\/12\/FAQ-1.mp4\">\n      <\/video>\n          <\/div>\n\n  <\/div>\n\n<\/section>\n\n\n<section id=\"faq-block_f33ae04eccff4489c08bca4fb7d94251\" class=\"faq\">\n\n  <div class=\"faq__inner faq__inner--inverted container\">\n\n    <div class=\"faq__content\">\n\n      <h3 class=\"faq__title t-h3\">Monkey grove &#8211; our play structure<\/h3>\n\n            <acc-ordion class=\"acc faq__accordions\">\n\n        \n        <div class=\"acc faq__accordion\">\n\n          <button\n            class=\"acc__button faq__acc-button\"\n            aria-controls=\"content-1\"\n            aria-expanded=\"false\"\n            data-button\n            id=\"accordion-control-1\">\n            <h4 class=\"faq__question\">Can adults enter the monkey grove?<\/h4>\n            <svg class=\"acc__icon\" width=\"26\" height=\"14\" viewBox=\"0 0 26 14\" fill=\"none\" xmlns=\"http:\/\/www.w3.org\/2000\/svg\">\n              <path d=\"M24.8908 0.73584L13.1097 12.5174L1.32812 0.73584\" stroke=\"#242424\" stroke-width=\"2\"\/>\n            <\/svg>\n          <\/button>\n\n          <div class=\"acc__item-content\" data-content id=\"content-1\">\n            <div class=\"faq__answer\" data-inner>\n              <p>Our monkey groves are created with the intention of fostering independent play in children, encouraging them to explore their creativity and enhance their abilities. Safety is our utmost concern. Therefore, every structure is built to be robust enough to support the weight of an adult, should a parent need to assist their child.<\/p>\n            <\/div>\n          <\/div>\n\n        <\/div>\n\n        \n        <div class=\"acc faq__accordion\">\n\n          <button\n            class=\"acc__button faq__acc-button\"\n            aria-controls=\"content-2\"\n            aria-expanded=\"false\"\n            data-button\n            id=\"accordion-control-2\">\n            <h4 class=\"faq__question\">What age group of children is the monkey grove intended for?<\/h4>\n            <svg class=\"acc__icon\" width=\"26\" height=\"14\" viewBox=\"0 0 26 14\" fill=\"none\" xmlns=\"http:\/\/www.w3.org\/2000\/svg\">\n              <path d=\"M24.8908 0.73584L13.1097 12.5174L1.32812 0.73584\" stroke=\"#242424\" stroke-width=\"2\"\/>\n            <\/svg>\n          <\/button>\n\n          <div class=\"acc__item-content\" data-content id=\"content-2\">\n            <div class=\"faq__answer\" data-inner>\n              <p>Our structures are designed for children aged 1 to 6, but we can customize them to suit the needs of children up to 8 years old. We want our playgrounds to be a place where toddlers can take their first steps in developing gross motor skills, and older children can enjoy hours of uninterrupted play.<\/p>\n            <\/div>\n          <\/div>\n\n        <\/div>\n\n        \n        <div class=\"acc faq__accordion\">\n\n          <button\n            class=\"acc__button faq__acc-button\"\n            aria-controls=\"content-3\"\n            aria-expanded=\"false\"\n            data-button\n            id=\"accordion-control-3\">\n            <h4 class=\"faq__question\">How to take care of the structures?<\/h4>\n            <svg class=\"acc__icon\" width=\"26\" height=\"14\" viewBox=\"0 0 26 14\" fill=\"none\" xmlns=\"http:\/\/www.w3.org\/2000\/svg\">\n              <path d=\"M24.8908 0.73584L13.1097 12.5174L1.32812 0.73584\" stroke=\"#242424\" stroke-width=\"2\"\/>\n            <\/svg>\n          <\/button>\n\n          <div class=\"acc__item-content\" data-content id=\"content-3\">\n            <div class=\"faq__answer\" data-inner>\n              <p>At the end of the project, we provide you with detailed instructions for inspecting and maintaining your monkey grove, making it easy to keep your playground in top condition. Daily care is simple: just wipe down dusty surfaces with a damp cloth followed by a dry one.<\/p>\n            <\/div>\n          <\/div>\n\n        <\/div>\n\n        \n        <div class=\"acc faq__accordion\">\n\n          <button\n            class=\"acc__button faq__acc-button\"\n            aria-controls=\"content-4\"\n            aria-expanded=\"false\"\n            data-button\n            id=\"accordion-control-4\">\n            <h4 class=\"faq__question\">Can the structures be painted?<\/h4>\n            <svg class=\"acc__icon\" width=\"26\" height=\"14\" viewBox=\"0 0 26 14\" fill=\"none\" xmlns=\"http:\/\/www.w3.org\/2000\/svg\">\n              <path d=\"M24.8908 0.73584L13.1097 12.5174L1.32812 0.73584\" stroke=\"#242424\" stroke-width=\"2\"\/>\n            <\/svg>\n          <\/button>\n\n          <div class=\"acc__item-content\" data-content id=\"content-4\">\n            <div class=\"faq__answer\" data-inner>\n              <p>We understand that you may have specific color preferences. Therefore, we offer a customization service that allows you to paint certain elements of the structure. This includes painting the external covers and decorative elements. The price depends on the size of the painted surface.<\/p>\n            <\/div>\n          <\/div>\n\n        <\/div>\n\n        \n        <div class=\"acc faq__accordion\">\n\n          <button\n            class=\"acc__button faq__acc-button\"\n            aria-controls=\"content-5\"\n            aria-expanded=\"false\"\n            data-button\n            id=\"accordion-control-5\">\n            <h4 class=\"faq__question\">Do you make any additional equipment?<\/h4>\n            <svg class=\"acc__icon\" width=\"26\" height=\"14\" viewBox=\"0 0 26 14\" fill=\"none\" xmlns=\"http:\/\/www.w3.org\/2000\/svg\">\n              <path d=\"M24.8908 0.73584L13.1097 12.5174L1.32812 0.73584\" stroke=\"#242424\" stroke-width=\"2\"\/>\n            <\/svg>\n          <\/button>\n\n          <div class=\"acc__item-content\" data-content id=\"content-5\">\n            <div class=\"faq__answer\" data-inner>\n              <p>We understand that creating a play area requires more than just a monkey grove. That&#8217;s why we offer a variety of additional elements, such as fences, tables, chairs, changing rooms, and radiator covers. If you are interested in our offer, we can send you a catalog with available options.<\/p>\n            <\/div>\n          <\/div>\n\n        <\/div>\n\n        \n        <div class=\"acc faq__accordion\">\n\n          <button\n            class=\"acc__button faq__acc-button\"\n            aria-controls=\"content-6\"\n            aria-expanded=\"false\"\n            data-button\n            id=\"accordion-control-6\">\n            <h4 class=\"faq__question\">Do we design the interior and arrange the d\u00e9cor of the entire room?<\/h4>\n            <svg class=\"acc__icon\" width=\"26\" height=\"14\" viewBox=\"0 0 26 14\" fill=\"none\" xmlns=\"http:\/\/www.w3.org\/2000\/svg\">\n              <path d=\"M24.8908 0.73584L13.1097 12.5174L1.32812 0.73584\" stroke=\"#242424\" stroke-width=\"2\"\/>\n            <\/svg>\n          <\/button>\n\n          <div class=\"acc__item-content\" data-content id=\"content-6\">\n            <div class=\"faq__answer\" data-inner>\n              <p>We specialize in designing and building monkey gyms, allowing us to focus on delivering the highest quality structures for children. If you require a complete room arrangement, we can recommend a partner company with whom we have created many exciting spaces for kids!<\/p>\n            <\/div>\n          <\/div>\n\n        <\/div>\n\n        \n      <\/acc-ordion>\n      \n    <\/div>\n\n    <div class=\"faq__animation\">\n            <video\n        class=\"faq__video\"\n        autoplay\n        loop\n        muted\n        playsinline\n        src=\"https:\/\/smallhumandesign.com\/wp-content\/uploads\/2024\/12\/FAQ-2.mp4\">\n      <\/video>\n          <\/div>\n\n  <\/div>\n\n<\/section>\n\n\n<section id=\"heading-with-button-block_593ee1a822644c229b44da4db7eb0d53\" class=\"heading-with-button\">\n\n  <div class=\"heading-with-button__inner container\">\n\n        <h4 class=\"heading-with-button__heading t-h3\">\n      Still have doubts?    <\/h4>\n    \n        <mail-to data-copy=\"Email copied to clipboard:\">\n    <a\n      class=\"heading-with-button__link button button--full\"\n      href=\"mailto:sklep@smallhumandesign.com\"\n      >Contact with us<\/a>\n    <\/mail-to>\n    \n  <\/div>\n\n<\/section>","protected":false},"excerpt":{"rendered":"","protected":false},"author":1,"featured_media":0,"parent":0,"menu_order":0,"comment_status":"closed","ping_status":"closed","template":"","meta":{"_acf_changed":false,"footnotes":""},"class_list":["post-9142","page","type-page","status-publish","hentry"],"acf":[],"yoast_head":"<!-- This site is optimized with the Yoast SEO plugin v27.3 - https:\/\/yoast.com\/product\/yoast-seo-wordpress\/ -->\n<title>FAQ - SMALL HUMAN DESIGN<\/title>\n<meta name=\"description\" content=\"Masz pytania? Sprawd\u017a nasze FAQ i znajd\u017a odpowiedzi na najcz\u0119\u015bciej zadawane pytania dotycz\u0105ce ma\u0142pich gaj\u00f3w i plac\u00f3w zabaw.\" \/>\n<meta name=\"robots\" content=\"index, follow, max-snippet:-1, max-image-preview:large, max-video-preview:-1\" \/>\n<link rel=\"canonical\" href=\"https:\/\/smallhumandesign.com\/en\/faq\/\" \/>\n<meta property=\"og:locale\" content=\"en_US\" \/>\n<meta property=\"og:type\" content=\"article\" \/>\n<meta property=\"og:title\" content=\"FAQ - SMALL HUMAN DESIGN\" \/>\n<meta property=\"og:description\" content=\"Masz pytania? Sprawd\u017a nasze FAQ i znajd\u017a odpowiedzi na najcz\u0119\u015bciej zadawane pytania dotycz\u0105ce ma\u0142pich gaj\u00f3w i plac\u00f3w zabaw.\" \/>\n<meta property=\"og:url\" content=\"https:\/\/smallhumandesign.com\/en\/faq\/\" \/>\n<meta property=\"og:site_name\" content=\"SMALL HUMAN DESIGN\" \/>\n<meta property=\"article:modified_time\" content=\"2024-12-19T14:35:58+00:00\" \/>\n<meta name=\"twitter:card\" content=\"summary_large_image\" \/>\n<script type=\"application\/ld+json\" class=\"yoast-schema-graph\">{\"@context\":\"https:\\\/\\\/schema.org\",\"@graph\":[{\"@type\":\"WebPage\",\"@id\":\"https:\\\/\\\/smallhumandesign.com\\\/en\\\/faq\\\/\",\"url\":\"https:\\\/\\\/smallhumandesign.com\\\/en\\\/faq\\\/\",\"name\":\"FAQ - SMALL HUMAN DESIGN\",\"isPartOf\":{\"@id\":\"https:\\\/\\\/smallhumandesign.com\\\/en\\\/#website\"},\"datePublished\":\"2024-09-23T09:46:33+00:00\",\"dateModified\":\"2024-12-19T14:35:58+00:00\",\"description\":\"Masz pytania? Sprawd\u017a nasze FAQ i znajd\u017a odpowiedzi na najcz\u0119\u015bciej zadawane pytania dotycz\u0105ce ma\u0142pich gaj\u00f3w i plac\u00f3w zabaw.\",\"inLanguage\":\"en-US\",\"potentialAction\":[{\"@type\":\"ReadAction\",\"target\":[\"https:\\\/\\\/smallhumandesign.com\\\/en\\\/faq\\\/\"]}]},{\"@type\":\"WebSite\",\"@id\":\"https:\\\/\\\/smallhumandesign.com\\\/en\\\/#website\",\"url\":\"https:\\\/\\\/smallhumandesign.com\\\/en\\\/\",\"name\":\"SMALL HUMAN DESIGN\",\"description\":\"Ma\u0142pie gaje, domowe place zabaw, meble w stylu Montessori.\",\"potentialAction\":[{\"@type\":\"SearchAction\",\"target\":{\"@type\":\"EntryPoint\",\"urlTemplate\":\"https:\\\/\\\/smallhumandesign.com\\\/en\\\/?s={search_term_string}\"},\"query-input\":{\"@type\":\"PropertyValueSpecification\",\"valueRequired\":true,\"valueName\":\"search_term_string\"}}],\"inLanguage\":\"en-US\"}]}<\/script>\n<!-- \/ Yoast SEO plugin. -->","yoast_head_json":{"title":"FAQ - SMALL HUMAN DESIGN","description":"Masz pytania? Sprawd\u017a nasze FAQ i znajd\u017a odpowiedzi na najcz\u0119\u015bciej zadawane pytania dotycz\u0105ce ma\u0142pich gaj\u00f3w i plac\u00f3w zabaw.","robots":{"index":"index","follow":"follow","max-snippet":"max-snippet:-1","max-image-preview":"max-image-preview:large","max-video-preview":"max-video-preview:-1"},"canonical":"https:\/\/smallhumandesign.com\/en\/faq\/","og_locale":"en_US","og_type":"article","og_title":"FAQ - SMALL HUMAN DESIGN","og_description":"Masz pytania? Sprawd\u017a nasze FAQ i znajd\u017a odpowiedzi na najcz\u0119\u015bciej zadawane pytania dotycz\u0105ce ma\u0142pich gaj\u00f3w i plac\u00f3w zabaw.","og_url":"https:\/\/smallhumandesign.com\/en\/faq\/","og_site_name":"SMALL HUMAN DESIGN","article_modified_time":"2024-12-19T14:35:58+00:00","twitter_card":"summary_large_image","schema":{"@context":"https:\/\/schema.org","@graph":[{"@type":"WebPage","@id":"https:\/\/smallhumandesign.com\/en\/faq\/","url":"https:\/\/smallhumandesign.com\/en\/faq\/","name":"FAQ - SMALL HUMAN DESIGN","isPartOf":{"@id":"https:\/\/smallhumandesign.com\/en\/#website"},"datePublished":"2024-09-23T09:46:33+00:00","dateModified":"2024-12-19T14:35:58+00:00","description":"Masz pytania? Sprawd\u017a nasze FAQ i znajd\u017a odpowiedzi na najcz\u0119\u015bciej zadawane pytania dotycz\u0105ce ma\u0142pich gaj\u00f3w i plac\u00f3w zabaw.","inLanguage":"en-US","potentialAction":[{"@type":"ReadAction","target":["https:\/\/smallhumandesign.com\/en\/faq\/"]}]},{"@type":"WebSite","@id":"https:\/\/smallhumandesign.com\/en\/#website","url":"https:\/\/smallhumandesign.com\/en\/","name":"SMALL HUMAN DESIGN","description":"Ma\u0142pie gaje, domowe place zabaw, meble w stylu Montessori.","potentialAction":[{"@type":"SearchAction","target":{"@type":"EntryPoint","urlTemplate":"https:\/\/smallhumandesign.com\/en\/?s={search_term_string}"},"query-input":{"@type":"PropertyValueSpecification","valueRequired":true,"valueName":"search_term_string"}}],"inLanguage":"en-US"}]}},"_links":{"self":[{"href":"https:\/\/smallhumandesign.com\/en\/wp-json\/wp\/v2\/pages\/9142","targetHints":{"allow":["GET"]}}],"collection":[{"href":"https:\/\/smallhumandesign.com\/en\/wp-json\/wp\/v2\/pages"}],"about":[{"href":"https:\/\/smallhumandesign.com\/en\/wp-json\/wp\/v2\/types\/page"}],"author":[{"embeddable":true,"href":"https:\/\/smallhumandesign.com\/en\/wp-json\/wp\/v2\/users\/1"}],"replies":[{"embeddable":true,"href":"https:\/\/smallhumandesign.com\/en\/wp-json\/wp\/v2\/comments?post=9142"}],"version-history":[{"count":4,"href":"https:\/\/smallhumandesign.com\/en\/wp-json\/wp\/v2\/pages\/9142\/revisions"}],"predecessor-version":[{"id":9200,"href":"https:\/\/smallhumandesign.com\/en\/wp-json\/wp\/v2\/pages\/9142\/revisions\/9200"}],"wp:attachment":[{"href":"https:\/\/smallhumandesign.com\/en\/wp-json\/wp\/v2\/media?parent=9142"}],"curies":[{"name":"wp","href":"https:\/\/api.w.org\/{rel}","templated":true}]}}